{"id":2,"date":"2021-05-01T15:05:50","date_gmt":"2021-05-01T13:05:50","guid":{"rendered":"http:\/\/florianeollier.com\/?page_id=2"},"modified":"2024-06-17T14:26:04","modified_gmt":"2024-06-17T12:26:04","slug":"portfolio","status":"publish","type":"page","link":"https:\/\/florianeollier.com\/","title":{"rendered":"Portfolio"},"content":{"rendered":"<p>[vc_row css_animation=\u00a0\u00bb\u00a0\u00bb row_type=\u00a0\u00bbrow\u00a0\u00bb use_row_as_full_screen_section=\u00a0\u00bbno\u00a0\u00bb type=\u00a0\u00bbfull_width\u00a0\u00bb angled_section=\u00a0\u00bbno\u00a0\u00bb text_align=\u00a0\u00bbleft\u00a0\u00bb background_image_as_pattern=\u00a0\u00bbwithout_pattern\u00a0\u00bb][vc_column][vc_empty_space height=\u00a0\u00bb85px\u00a0\u00bb]<div class='projects_holder_outer v3 portfolio_with_space portfolio_standard'>\n        <div class='projects_holder portfolio_main_holder clearfix v3 standard portfolio_full_image '>\n        \n        <article class='mix default' style=''>\n    \n    \n    \n    \n            <div class=\"item_holder thin_plus_only\">\n\n                    <div class=\"text_holder\">\n        <div class=\"text_holder_outer\">\n            <div class=\"text_holder_inner\">\n                            <span class=\"thin_plus_only_icon\">+<\/span>\n                        <\/div>\n        <\/div>\n    <\/div>\n\n                                    <a itemprop=\"url\" class=\"portfolio_link_class\" title=\"Festival de Marseille\" href=\"https:\/\/florianeollier.com\/index.php\/portfolio_page\/festival-de-marseille\/\"><\/a>\n                \n                <div style=\"background-color: rgba(0,0,0,0.41)\" class=\"portfolio_shader\"><\/div>\n                <div class=\"image_holder\">\n                    \n<span class='image'><img loading=\"lazy\" decoding=\"async\" width=\"400\" height=\"400\" src=\"https:\/\/florianeollier.com\/wp-content\/uploads\/2022\/01\/V-1.jpg\" class=\"attachment-full size-full wp-post-image\" alt=\"\" srcset=\"https:\/\/florianeollier.com\/wp-content\/uploads\/2022\/01\/V-1.jpg 400w, https:\/\/florianeollier.com\/wp-content\/uploads\/2022\/01\/V-1-300x300.jpg 300w, https:\/\/florianeollier.com\/wp-content\/uploads\/2022\/01\/V-1-150x150.jpg 150w\" sizes=\"(max-width: 400px) 100vw, 400px\" \/><\/span>                <\/div>\n            <\/div>\n\n                <div class='portfolio_description ' >\n\n        \n    <h5 itemprop=\"name\" class=\"portfolio_title entry_title\"><a itemprop=\"url\" href=\"https:\/\/florianeollier.com\/index.php\/portfolio_page\/festival-de-marseille\/\"  target=\"_self\"> Festival de Marseille<\/a><\/h5>\n\n\n        \n        \n    <\/div>\n\n        \n<\/article>\n<article class='mix default' style=''>\n    \n    \n    \n    \n            <div class=\"item_holder thin_plus_only\">\n\n                    <div class=\"text_holder\">\n        <div class=\"text_holder_outer\">\n            <div class=\"text_holder_inner\">\n                            <span class=\"thin_plus_only_icon\">+<\/span>\n                        <\/div>\n        <\/div>\n    <\/div>\n\n                                    <a itemprop=\"url\" class=\"portfolio_link_class\" title=\"Festival Encore Encore\" href=\"https:\/\/florianeollier.com\/index.php\/portfolio_page\/festival-encore-encore\/\"><\/a>\n                \n                <div style=\"background-color: rgba(0,0,0,0.41)\" class=\"portfolio_shader\"><\/div>\n                <div class=\"image_holder\">\n                    \n<span class='image'><img loading=\"lazy\" decoding=\"async\" width=\"400\" height=\"400\" src=\"https:\/\/florianeollier.com\/wp-content\/uploads\/2022\/01\/V-2.jpg\" class=\"attachment-full size-full wp-post-image\" alt=\"\" srcset=\"https:\/\/florianeollier.com\/wp-content\/uploads\/2022\/01\/V-2.jpg 400w, https:\/\/florianeollier.com\/wp-content\/uploads\/2022\/01\/V-2-300x300.jpg 300w, https:\/\/florianeollier.com\/wp-content\/uploads\/2022\/01\/V-2-150x150.jpg 150w\" sizes=\"(max-width: 400px) 100vw, 400px\" \/><\/span>                <\/div>\n            <\/div>\n\n                <div class='portfolio_description ' >\n\n        \n    <h5 itemprop=\"name\" class=\"portfolio_title entry_title\"><a itemprop=\"url\" href=\"https:\/\/florianeollier.com\/index.php\/portfolio_page\/festival-encore-encore\/\"  target=\"_self\"> Festival Encore Encore<\/a><\/h5>\n\n\n        \n        \n    <\/div>\n\n        \n<\/article>\n<article class='mix default' style=''>\n    \n    \n    \n    \n            <div class=\"item_holder thin_plus_only\">\n\n                    <div class=\"text_holder\">\n        <div class=\"text_holder_outer\">\n            <div class=\"text_holder_inner\">\n                            <span class=\"thin_plus_only_icon\">+<\/span>\n                        <\/div>\n        <\/div>\n    <\/div>\n\n                                    <a itemprop=\"url\" class=\"portfolio_link_class\" title=\"Autres travaux\" href=\"https:\/\/florianeollier.com\/index.php\/portfolio_page\/autres-travaux\/\"><\/a>\n                \n                <div style=\"background-color: rgba(0,0,0,0.41)\" class=\"portfolio_shader\"><\/div>\n                <div class=\"image_holder\">\n                    \n<span class='image'><img loading=\"lazy\" decoding=\"async\" width=\"400\" height=\"400\" src=\"https:\/\/florianeollier.com\/wp-content\/uploads\/2022\/01\/V-3.jpg\" class=\"attachment-full size-full wp-post-image\" alt=\"\" srcset=\"https:\/\/florianeollier.com\/wp-content\/uploads\/2022\/01\/V-3.jpg 400w, https:\/\/florianeollier.com\/wp-content\/uploads\/2022\/01\/V-3-300x300.jpg 300w, https:\/\/florianeollier.com\/wp-content\/uploads\/2022\/01\/V-3-150x150.jpg 150w\" sizes=\"(max-width: 400px) 100vw, 400px\" \/><\/span>                <\/div>\n            <\/div>\n\n                <div class='portfolio_description ' >\n\n        \n    <h5 itemprop=\"name\" class=\"portfolio_title entry_title\"><a itemprop=\"url\" href=\"https:\/\/florianeollier.com\/index.php\/portfolio_page\/autres-travaux\/\"  target=\"_self\"> Autres travaux<\/a><\/h5>\n\n\n        \n        \n    <\/div>\n\n        \n<\/article>\n<article class='mix default' style=''>\n    \n    \n    \n    \n            <div class=\"item_holder thin_plus_only\">\n\n                    <div class=\"text_holder\">\n        <div class=\"text_holder_outer\">\n            <div class=\"text_holder_inner\">\n                            <span class=\"thin_plus_only_icon\">+<\/span>\n                        <\/div>\n        <\/div>\n    <\/div>\n\n                                    <a itemprop=\"url\" class=\"portfolio_link_class\" title=\"Illustrations\" href=\"https:\/\/florianeollier.com\/index.php\/portfolio_page\/illustrations\/\"><\/a>\n                \n                <div style=\"background-color: rgba(0,0,0,0.41)\" class=\"portfolio_shader\"><\/div>\n                <div class=\"image_holder\">\n                    \n<span class='image'><img loading=\"lazy\" decoding=\"async\" width=\"400\" height=\"400\" src=\"https:\/\/florianeollier.com\/wp-content\/uploads\/2022\/01\/V-4.jpg\" class=\"attachment-full size-full wp-post-image\" alt=\"\" srcset=\"https:\/\/florianeollier.com\/wp-content\/uploads\/2022\/01\/V-4.jpg 400w, https:\/\/florianeollier.com\/wp-content\/uploads\/2022\/01\/V-4-300x300.jpg 300w, https:\/\/florianeollier.com\/wp-content\/uploads\/2022\/01\/V-4-150x150.jpg 150w\" sizes=\"(max-width: 400px) 100vw, 400px\" \/><\/span>                <\/div>\n            <\/div>\n\n                <div class='portfolio_description ' >\n\n        \n    <h5 itemprop=\"name\" class=\"portfolio_title entry_title\"><a itemprop=\"url\" href=\"https:\/\/florianeollier.com\/index.php\/portfolio_page\/illustrations\/\"  target=\"_self\"> Illustrations<\/a><\/h5>\n\n\n        \n        \n    <\/div>\n\n        \n<\/article>\n<article class='mix default' style=''>\n    \n    \n    \n    \n            <div class=\"item_holder thin_plus_only\">\n\n                    <div class=\"text_holder\">\n        <div class=\"text_holder_outer\">\n            <div class=\"text_holder_inner\">\n                            <span class=\"thin_plus_only_icon\">+<\/span>\n                        <\/div>\n        <\/div>\n    <\/div>\n\n                                    <a itemprop=\"url\" class=\"portfolio_link_class\" title=\"Music Artwork\" href=\"https:\/\/florianeollier.com\/index.php\/portfolio_page\/music\/\"><\/a>\n                \n                <div style=\"background-color: rgba(0,0,0,0.41)\" class=\"portfolio_shader\"><\/div>\n                <div class=\"image_holder\">\n                    \n<span class='image'><img loading=\"lazy\" decoding=\"async\" width=\"400\" height=\"400\" src=\"https:\/\/florianeollier.com\/wp-content\/uploads\/2022\/01\/V-5.jpg\" class=\"attachment-full size-full wp-post-image\" alt=\"\" srcset=\"https:\/\/florianeollier.com\/wp-content\/uploads\/2022\/01\/V-5.jpg 400w, https:\/\/florianeollier.com\/wp-content\/uploads\/2022\/01\/V-5-300x300.jpg 300w, https:\/\/florianeollier.com\/wp-content\/uploads\/2022\/01\/V-5-150x150.jpg 150w\" sizes=\"(max-width: 400px) 100vw, 400px\" \/><\/span>                <\/div>\n            <\/div>\n\n                <div class='portfolio_description ' >\n\n        \n    <h5 itemprop=\"name\" class=\"portfolio_title entry_title\"><a itemprop=\"url\" href=\"https:\/\/florianeollier.com\/index.php\/portfolio_page\/music\/\"  target=\"_self\"> Music Artwork<\/a><\/h5>\n\n\n        \n        \n    <\/div>\n\n        \n<\/article>\n<article class='mix large_width' style=''>\n    \n    \n    \n    \n            <div class=\"item_holder thin_plus_only\">\n\n                    <div class=\"text_holder\">\n        <div class=\"text_holder_outer\">\n            <div class=\"text_holder_inner\">\n                            <span class=\"thin_plus_only_icon\">+<\/span>\n                        <\/div>\n        <\/div>\n    <\/div>\n\n                                    <a itemprop=\"url\" class=\"portfolio_link_class\" title=\"LAB\" href=\"https:\/\/florianeollier.com\/index.php\/portfolio_page\/lab\/\"><\/a>\n                \n                <div style=\"background-color: rgba(0,0,0,0.41)\" class=\"portfolio_shader\"><\/div>\n                <div class=\"image_holder\">\n                    \n<span class='image'><img loading=\"lazy\" decoding=\"async\" width=\"400\" height=\"400\" src=\"https:\/\/florianeollier.com\/wp-content\/uploads\/2022\/01\/V-6.jpg\" class=\"attachment-full size-full wp-post-image\" alt=\"\" srcset=\"https:\/\/florianeollier.com\/wp-content\/uploads\/2022\/01\/V-6.jpg 400w, https:\/\/florianeollier.com\/wp-content\/uploads\/2022\/01\/V-6-300x300.jpg 300w, https:\/\/florianeollier.com\/wp-content\/uploads\/2022\/01\/V-6-150x150.jpg 150w\" sizes=\"(max-width: 400px) 100vw, 400px\" \/><\/span>                <\/div>\n            <\/div>\n\n                <div class='portfolio_description ' >\n\n        \n    <h5 itemprop=\"name\" class=\"portfolio_title entry_title\"><a itemprop=\"url\" href=\"https:\/\/florianeollier.com\/index.php\/portfolio_page\/lab\/\"  target=\"_self\"> LAB<\/a><\/h5>\n\n\n        \n        \n    <\/div>\n\n        \n<\/article>\n<article class='mix default' style=''>\n    \n    \n    \n    \n            <div class=\"item_holder thin_plus_only\">\n\n                    <div class=\"text_holder\">\n        <div class=\"text_holder_outer\">\n            <div class=\"text_holder_inner\">\n                            <span class=\"thin_plus_only_icon\">+<\/span>\n                        <\/div>\n        <\/div>\n    <\/div>\n\n                                    <a itemprop=\"url\" class=\"portfolio_link_class\" title=\"Festival Dansem\" href=\"https:\/\/florianeollier.com\/index.php\/portfolio_page\/festival-dansem\/\"><\/a>\n                \n                <div style=\"background-color: rgba(0,0,0,0.41)\" class=\"portfolio_shader\"><\/div>\n                <div class=\"image_holder\">\n                    \n<span class='image'><img loading=\"lazy\" decoding=\"async\" width=\"400\" height=\"400\" src=\"https:\/\/florianeollier.com\/wp-content\/uploads\/2022\/01\/V-7.jpg\" class=\"attachment-full size-full wp-post-image\" alt=\"\" srcset=\"https:\/\/florianeollier.com\/wp-content\/uploads\/2022\/01\/V-7.jpg 400w, https:\/\/florianeollier.com\/wp-content\/uploads\/2022\/01\/V-7-300x300.jpg 300w, https:\/\/florianeollier.com\/wp-content\/uploads\/2022\/01\/V-7-150x150.jpg 150w\" sizes=\"(max-width: 400px) 100vw, 400px\" \/><\/span>                <\/div>\n            <\/div>\n\n                <div class='portfolio_description ' >\n\n        \n    <h5 itemprop=\"name\" class=\"portfolio_title entry_title\"><a itemprop=\"url\" href=\"https:\/\/florianeollier.com\/index.php\/portfolio_page\/festival-dansem\/\"  target=\"_self\"> Festival Dansem<\/a><\/h5>\n\n\n        \n        \n    <\/div>\n\n        \n<\/article>\n<article class='mix default' style=''>\n    \n    \n    \n    \n            <div class=\"item_holder thin_plus_only\">\n\n                    <div class=\"text_holder\">\n        <div class=\"text_holder_outer\">\n            <div class=\"text_holder_inner\">\n                            <span class=\"thin_plus_only_icon\">+<\/span>\n                        <\/div>\n        <\/div>\n    <\/div>\n\n                                    <a itemprop=\"url\" class=\"portfolio_link_class\" title=\"Mouillette\" href=\"https:\/\/florianeollier.com\/index.php\/portfolio_page\/mouillette\/\"><\/a>\n                \n                <div style=\"background-color: rgba(0,0,0,0.41)\" class=\"portfolio_shader\"><\/div>\n                <div class=\"image_holder\">\n                    \n<span class='image'><img loading=\"lazy\" decoding=\"async\" width=\"400\" height=\"400\" src=\"https:\/\/florianeollier.com\/wp-content\/uploads\/2022\/01\/V-8.jpg\" class=\"attachment-full size-full wp-post-image\" alt=\"\" srcset=\"https:\/\/florianeollier.com\/wp-content\/uploads\/2022\/01\/V-8.jpg 400w, https:\/\/florianeollier.com\/wp-content\/uploads\/2022\/01\/V-8-300x300.jpg 300w, https:\/\/florianeollier.com\/wp-content\/uploads\/2022\/01\/V-8-150x150.jpg 150w\" sizes=\"(max-width: 400px) 100vw, 400px\" \/><\/span>                <\/div>\n            <\/div>\n\n                <div class='portfolio_description ' >\n\n        \n    <h5 itemprop=\"name\" class=\"portfolio_title entry_title\"><a itemprop=\"url\" href=\"https:\/\/florianeollier.com\/index.php\/portfolio_page\/mouillette\/\"  target=\"_self\"> Mouillette<\/a><\/h5>\n\n\n        \n        \n    <\/div>\n\n        \n<\/article>\n<article class='mix default' style=''>\n    \n    \n    \n    \n            <div class=\"item_holder thin_plus_only\">\n\n                    <div class=\"text_holder\">\n        <div class=\"text_holder_outer\">\n            <div class=\"text_holder_inner\">\n                            <span class=\"thin_plus_only_icon\">+<\/span>\n                        <\/div>\n        <\/div>\n    <\/div>\n\n                                    <a itemprop=\"url\" class=\"portfolio_link_class\" title=\"Vid\u00e9os\" href=\"https:\/\/florianeollier.com\/index.php\/portfolio_page\/videos\/\"><\/a>\n                \n                <div style=\"background-color: rgba(0,0,0,0.41)\" class=\"portfolio_shader\"><\/div>\n                <div class=\"image_holder\">\n                    \n<span class='image'><img loading=\"lazy\" decoding=\"async\" width=\"400\" height=\"400\" src=\"https:\/\/florianeollier.com\/wp-content\/uploads\/2022\/01\/V-9.jpg\" class=\"attachment-full size-full wp-post-image\" alt=\"\" srcset=\"https:\/\/florianeollier.com\/wp-content\/uploads\/2022\/01\/V-9.jpg 400w, https:\/\/florianeollier.com\/wp-content\/uploads\/2022\/01\/V-9-300x300.jpg 300w, https:\/\/florianeollier.com\/wp-content\/uploads\/2022\/01\/V-9-150x150.jpg 150w\" sizes=\"(max-width: 400px) 100vw, 400px\" \/><\/span>                <\/div>\n            <\/div>\n\n                <div class='portfolio_description ' >\n\n        \n    <h5 itemprop=\"name\" class=\"portfolio_title entry_title\"><a itemprop=\"url\" href=\"https:\/\/florianeollier.com\/index.php\/portfolio_page\/videos\/\"  target=\"_self\"> Vid\u00e9os<\/a><\/h5>\n\n\n        \n        \n    <\/div>\n\n        \n<\/article>\n        <div class='filler'><\/div>\n            <div class='filler'><\/div>\n            <div class='filler'><\/div>\n        <\/div>\n\n    \n    <\/div>[vc_empty_space height=\u00a0\u00bb125px\u00a0\u00bb][\/vc_column][\/vc_row][vc_row css_animation=\u00a0\u00bb\u00a0\u00bb row_type=\u00a0\u00bbrow\u00a0\u00bb use_row_as_full_screen_section=\u00a0\u00bbno\u00a0\u00bb type=\u00a0\u00bbfull_width\u00a0\u00bb angled_section=\u00a0\u00bbno\u00a0\u00bb text_align=\u00a0\u00bbleft\u00a0\u00bb background_image_as_pattern=\u00a0\u00bbwithout_pattern\u00a0\u00bb][vc_column][\/vc_column][\/vc_row]<\/p>\n","protected":false},"excerpt":{"rendered":"<p>[vc_row css_animation=\u00a0\u00bb\u00a0\u00bb row_type=\u00a0\u00bbrow\u00a0\u00bb use_row_as_full_screen_section=\u00a0\u00bbno\u00a0\u00bb type=\u00a0\u00bbfull_width\u00a0\u00bb angled_section=\u00a0\u00bbno\u00a0\u00bb text_align=\u00a0\u00bbleft\u00a0\u00bb background_image_as_pattern=\u00a0\u00bbwithout_pattern\u00a0\u00bb][vc_column][vc_empty_space height=\u00a0\u00bb85px\u00a0\u00bb][vc_empty_space height=\u00a0\u00bb125px\u00a0\u00bb][\/vc_column][\/vc_row][vc_row css_animation=\u00a0\u00bb\u00a0\u00bb row_type=\u00a0\u00bbrow\u00a0\u00bb use_row_as_full_screen_section=\u00a0\u00bbno\u00a0\u00bb type=\u00a0\u00bbfull_width\u00a0\u00bb angled_section=\u00a0\u00bbno\u00a0\u00bb text_align=\u00a0\u00bbleft\u00a0\u00bb background_image_as_pattern=\u00a0\u00bbwithout_pattern\u00a0\u00bb][vc_column][\/vc_column][\/vc_row]<\/p>\n","protected":false},"author":1,"featured_media":0,"parent":0,"menu_order":0,"comment_status":"closed","ping_status":"open","template":"","meta":{"footnotes":""},"yoast_head":"<!-- This site is optimized with the Yoast SEO plugin v22.4 - https:\/\/yoast.com\/wordpress\/plugins\/seo\/ -->\n<title>Floriane Ollier - Graphiste illustratrice - Marseille<\/title>\n<meta name=\"description\" content=\"Floriane Ollier, graphiste et illustratrice ind\u00e9pendante bas\u00e9e \u00e0 Marseille.\" \/>\n<meta name=\"robots\" content=\"index, follow, max-snippet:-1, max-image-preview:large, max-video-preview:-1\" \/>\n<link rel=\"canonical\" href=\"https:\/\/florianeollier.com\/\" \/>\n<meta property=\"og:locale\" content=\"fr_FR\" \/>\n<meta property=\"og:type\" content=\"article\" \/>\n<meta property=\"og:title\" content=\"Floriane Ollier - Graphiste illustratrice - Marseille\" \/>\n<meta property=\"og:description\" content=\"Floriane Ollier, graphiste et illustratrice ind\u00e9pendante bas\u00e9e \u00e0 Marseille.\" \/>\n<meta property=\"og:url\" content=\"https:\/\/florianeollier.com\/\" \/>\n<meta property=\"og:site_name\" content=\"Floriane Ollier\" \/>\n<meta property=\"article:modified_time\" content=\"2024-06-17T12:26:04+00:00\" \/>\n<meta name=\"twitter:card\" content=\"summary_large_image\" \/>\n<meta name=\"twitter:label1\" content=\"Dur\u00e9e de lecture estim\u00e9e\" \/>\n\t<meta name=\"twitter:data1\" content=\"1 minute\" \/>\n<script type=\"application\/ld+json\" class=\"yoast-schema-graph\">{\"@context\":\"https:\/\/schema.org\",\"@graph\":[{\"@type\":\"WebPage\",\"@id\":\"https:\/\/florianeollier.com\/\",\"url\":\"https:\/\/florianeollier.com\/\",\"name\":\"Floriane Ollier - Graphiste illustratrice - Marseille\",\"isPartOf\":{\"@id\":\"https:\/\/florianeollier.com\/#website\"},\"datePublished\":\"2021-05-01T13:05:50+00:00\",\"dateModified\":\"2024-06-17T12:26:04+00:00\",\"description\":\"Floriane Ollier, graphiste et illustratrice ind\u00e9pendante bas\u00e9e \u00e0 Marseille.\",\"breadcrumb\":{\"@id\":\"https:\/\/florianeollier.com\/#breadcrumb\"},\"inLanguage\":\"fr-FR\",\"potentialAction\":[{\"@type\":\"ReadAction\",\"target\":[\"https:\/\/florianeollier.com\/\"]}]},{\"@type\":\"BreadcrumbList\",\"@id\":\"https:\/\/florianeollier.com\/#breadcrumb\",\"itemListElement\":[{\"@type\":\"ListItem\",\"position\":1,\"name\":\"Accueil\",\"item\":\"https:\/\/florianeollier.com\/\"},{\"@type\":\"ListItem\",\"position\":2,\"name\":\"Portfolio\"}]},{\"@type\":\"WebSite\",\"@id\":\"https:\/\/florianeollier.com\/#website\",\"url\":\"https:\/\/florianeollier.com\/\",\"name\":\"Floriane Ollier\",\"description\":\"Graphiste illustratrice - Marseille\",\"potentialAction\":[{\"@type\":\"SearchAction\",\"target\":{\"@type\":\"EntryPoint\",\"urlTemplate\":\"https:\/\/florianeollier.com\/?s={search_term_string}\"},\"query-input\":\"required name=search_term_string\"}],\"inLanguage\":\"fr-FR\"}]}<\/script>\n<!-- \/ Yoast SEO plugin. -->","yoast_head_json":{"title":"Floriane Ollier - Graphiste illustratrice - Marseille","description":"Floriane Ollier, graphiste et illustratrice ind\u00e9pendante bas\u00e9e \u00e0 Marseille.","robots":{"index":"index","follow":"follow","max-snippet":"max-snippet:-1","max-image-preview":"max-image-preview:large","max-video-preview":"max-video-preview:-1"},"canonical":"https:\/\/florianeollier.com\/","og_locale":"fr_FR","og_type":"article","og_title":"Floriane Ollier - Graphiste illustratrice - Marseille","og_description":"Floriane Ollier, graphiste et illustratrice ind\u00e9pendante bas\u00e9e \u00e0 Marseille.","og_url":"https:\/\/florianeollier.com\/","og_site_name":"Floriane Ollier","article_modified_time":"2024-06-17T12:26:04+00:00","twitter_card":"summary_large_image","twitter_misc":{"Dur\u00e9e de lecture estim\u00e9e":"1 minute"},"schema":{"@context":"https:\/\/schema.org","@graph":[{"@type":"WebPage","@id":"https:\/\/florianeollier.com\/","url":"https:\/\/florianeollier.com\/","name":"Floriane Ollier - Graphiste illustratrice - Marseille","isPartOf":{"@id":"https:\/\/florianeollier.com\/#website"},"datePublished":"2021-05-01T13:05:50+00:00","dateModified":"2024-06-17T12:26:04+00:00","description":"Floriane Ollier, graphiste et illustratrice ind\u00e9pendante bas\u00e9e \u00e0 Marseille.","breadcrumb":{"@id":"https:\/\/florianeollier.com\/#breadcrumb"},"inLanguage":"fr-FR","potentialAction":[{"@type":"ReadAction","target":["https:\/\/florianeollier.com\/"]}]},{"@type":"BreadcrumbList","@id":"https:\/\/florianeollier.com\/#breadcrumb","itemListElement":[{"@type":"ListItem","position":1,"name":"Accueil","item":"https:\/\/florianeollier.com\/"},{"@type":"ListItem","position":2,"name":"Portfolio"}]},{"@type":"WebSite","@id":"https:\/\/florianeollier.com\/#website","url":"https:\/\/florianeollier.com\/","name":"Floriane Ollier","description":"Graphiste illustratrice - Marseille","potentialAction":[{"@type":"SearchAction","target":{"@type":"EntryPoint","urlTemplate":"https:\/\/florianeollier.com\/?s={search_term_string}"},"query-input":"required name=search_term_string"}],"inLanguage":"fr-FR"}]}},"_links":{"self":[{"href":"https:\/\/florianeollier.com\/index.php\/wp-json\/wp\/v2\/pages\/2"}],"collection":[{"href":"https:\/\/florianeollier.com\/index.php\/wp-json\/wp\/v2\/pages"}],"about":[{"href":"https:\/\/florianeollier.com\/index.php\/wp-json\/wp\/v2\/types\/page"}],"author":[{"embeddable":true,"href":"https:\/\/florianeollier.com\/index.php\/wp-json\/wp\/v2\/users\/1"}],"replies":[{"embeddable":true,"href":"https:\/\/florianeollier.com\/index.php\/wp-json\/wp\/v2\/comments?post=2"}],"version-history":[{"count":63,"href":"https:\/\/florianeollier.com\/index.php\/wp-json\/wp\/v2\/pages\/2\/revisions"}],"predecessor-version":[{"id":301,"href":"https:\/\/florianeollier.com\/index.php\/wp-json\/wp\/v2\/pages\/2\/revisions\/301"}],"wp:attachment":[{"href":"https:\/\/florianeollier.com\/index.php\/wp-json\/wp\/v2\/media?parent=2"}],"curies":[{"name":"wp","href":"https:\/\/api.w.org\/{rel}","templated":true}]}}